{"id":105179,"date":"2024-07-31T07:41:14","date_gmt":"2024-07-31T06:41:14","guid":{"rendered":"https:\/\/www.arctis.de\/cash-register\/"},"modified":"2024-09-17T09:20:54","modified_gmt":"2024-09-17T09:20:54","slug":"cash-register","status":"publish","type":"page","link":"https:\/\/www.arctis.de\/en\/cash-register\/","title":{"rendered":"Cash register"},"content":{"rendered":"\t\t<div data-elementor-type=\"wp-page\" data-elementor-id=\"105179\" class=\"elementor elementor-105179 elementor-104293\" wpc-filter-elementor-widget=\"1\" data-elementor-post-type=\"page\">\n\t\t\t\t<!-- dce invisible element 5796e44 --><style>\n        #order_comments {\n            pointer-events: none;\n        }\n    <\/style>\t\t<section class=\"dce-visibility-event elementor-section elementor-top-section elementor-element elementor-element-dd89963 elementor-section-boxed elementor-section-height-default elementor-section-height-default\" data-id=\"dd89963\" data-element_type=\"section\" data-settings=\"{&quot;enabled_visibility&quot;:&quot;yes&quot;,&quot;dce_visibility_selected&quot;:&quot;yes&quot;}\">\n\t\t\t\t\t\t<div class=\"elementor-container elementor-column-gap-default\">\n\t\t\t\t\t<div class=\"elementor-column elementor-col-100 elementor-top-column elementor-element elementor-element-025c510\" data-id=\"025c510\" data-element_type=\"column\">\n\t\t\t<div class=\"elementor-widget-wrap elementor-element-populated\">\n\t\t\t\t\t\t<div class=\"elementor-element elementor-element-e68c9d6 elementor-widget__width-inherit e-n-tabs-none elementor-widget elementor-widget-n-tabs\" data-id=\"e68c9d6\" data-element_type=\"widget\" data-settings=\"{&quot;horizontal_scroll&quot;:&quot;disable&quot;}\" data-widget_type=\"nested-tabs.default\">\n\t\t\t\t<div class=\"elementor-widget-container\">\n\t\t\t\t\t\t\t<div class=\"e-n-tabs\" data-widget-number=\"241748438\" aria-label=\"Tabs. Open items with Enter or Space, close with Escape and navigate using the Arrow keys.\">\n\t\t\t<div class=\"e-n-tabs-heading\" role=\"tablist\">\n\t\t\t\t\t<button id=\"e-n-tab-title-2417484381\" class=\"e-n-tab-title\" aria-selected=\"true\" data-tab-index=\"1\" role=\"tab\" tabindex=\"0\" aria-controls=\"e-n-tab-content-2417484381\" style=\"--n-tabs-title-order: 1;\">\n\t\t\t\t\t\t<span class=\"e-n-tab-title-text\">\n\t\t\t\tRequest a quote\t\t\t<\/span>\n\t\t<\/button>\n\t\t\t\t\t<\/div>\n\t\t\t<div class=\"e-n-tabs-content\">\n\t\t\t\t<div id=\"e-n-tab-content-2417484381\" role=\"tabpanel\" aria-labelledby=\"e-n-tab-title-2417484381\" data-tab-index=\"1\" style=\"--n-tabs-title-order: 1;\" class=\"e-active elementor-element elementor-element-51f725c e-con-full e-flex e-con e-child\" data-id=\"51f725c\" data-element_type=\"container\">\n\t\t\t\t<div class=\"elementor-element elementor-element-f4a6428 e-checkout-layout-one-column elementor-widget elementor-widget-woocommerce-checkout-page\" data-id=\"f4a6428\" data-element_type=\"widget\" data-widget_type=\"woocommerce-checkout-page.default\">\n\t\t\t\t<div class=\"elementor-widget-container\">\n\t\t\t\t\t<div class=\"woocommerce\"><\/div>\t\t\t\t<\/div>\n\t\t\t\t<\/div>\n\t\t\t\t<div class=\"dce-visibility-element-hidden dce-visibility-original-content dce-visibility-event elementor-element elementor-element-ba964f8 elementor-widget elementor-widget-html\" data-id=\"ba964f8\" data-element_type=\"widget\" data-settings=\"{&quot;enabled_visibility&quot;:&quot;yes&quot;,&quot;dce_visibility_selected&quot;:&quot;yes&quot;,&quot;dce_visibility_event&quot;:&quot;click&quot;}\" data-widget_type=\"html.default\">\n\t\t\t\t<div class=\"elementor-widget-container\">\n\t\t\t\t\t<div>\n\n\n    <meta charset=\"UTF-8\">\n    <meta name=\"viewport\" content=\"width=device-width, initial-scale=1.0\">\n    <title>Change field content<\/title>\n    <style>\n        #order_comments {\n            pointer-events: none;\n        }\n    <\/style>\n\n\n    <input type=\"text\" id=\"order_comments\" value=\"Original text\">\n    <script>\n        document.addEventListener('DOMContentLoaded', function() {\n            document.getElementById('order_comments').value = 'Unverbindliche Angebotsanfrage, unser Au\u00dfendienst wird sich in K\u00fcrze mit Ihnen in Verbindung setzen';\n        });\n    <\/script>\n\n\n<\/div>\t\t\t\t<\/div>\n\t\t\t\t<\/div>\n\t\t\t\t<\/div>\n\t\t\t\t\t<\/div>\n\t\t<\/div>\n\t\t\t\t\t\t<\/div>\n\t\t\t\t<\/div>\n\t\t\t\t\t<\/div>\n\t\t<\/div>\n\t\t\t\t\t<\/div>\n\t\t<\/section>\n\t\t\t\t<\/div>\n\t\t","protected":false},"excerpt":{"rendered":"<p>You can change your details here. Order bindingly Your details DESCRIPTION&nbsp;(optional) NAME 1&nbsp;* NAME 2&nbsp;(optional) LAND&nbsp;(optional)Land\/Region ausw\u00e4hlen\u00a0\u2026BelgienBulgarienDeutschlandD\u00e4nemarkEstlandFinnlandFrankreichGriechenlandIrlandItalienKroatienLettlandLitauenLuxemburgMaltaNiederlandePolenPortugalRum\u00e4nienSchwedenSlowakeiSlowenienSpanienTschechienUngarnZypern\u00d6sterreichAktualisiere Land \/ Region STRASSE&nbsp;* PORT&nbsp;* TELEPHONE&nbsp;(optional) EMAIL&nbsp;* Additional information ORDER TYPE&nbsp;*Verbindliche Bestellung GEW\u00dcNSCHTES LIEFERDATUM \/ REQUESTED DELIVERY DATE&nbsp;* Zahlungsart ausw\u00e4hlen Da dein Browser kein JavaScript unterst\u00fctzt oder dieses deaktiviert ist, klicke bitte auf jeden Fall auf den Button [&hellip;]<\/p>\n","protected":false},"author":1,"featured_media":0,"parent":0,"menu_order":0,"comment_status":"closed","ping_status":"closed","template":"","meta":{"_acf_changed":false,"footnotes":""},"acf":[],"yoast_head":"<!-- This site is optimized with the Yoast SEO plugin v23.5 - https:\/\/yoast.com\/wordpress\/plugins\/seo\/ -->\n<title>Cash register - ARCTIS<\/title>\n<meta name=\"robots\" content=\"noindex, follow\" \/>\n<meta property=\"og:locale\" content=\"en_US\" \/>\n<meta property=\"og:type\" content=\"article\" \/>\n<meta property=\"og:title\" content=\"Cash register - ARCTIS\" \/>\n<meta property=\"og:description\" content=\"You can change your details here. Order bindingly Your details DESCRIPTION&nbsp;(optional) NAME 1&nbsp;* NAME 2&nbsp;(optional) LAND&nbsp;(optional)Land\/Region ausw\u00e4hlen\u00a0\u2026BelgienBulgarienDeutschlandD\u00e4nemarkEstlandFinnlandFrankreichGriechenlandIrlandItalienKroatienLettlandLitauenLuxemburgMaltaNiederlandePolenPortugalRum\u00e4nienSchwedenSlowakeiSlowenienSpanienTschechienUngarnZypern\u00d6sterreichAktualisiere Land \/ Region STRASSE&nbsp;* PORT&nbsp;* TELEPHONE&nbsp;(optional) EMAIL&nbsp;* Additional information ORDER TYPE&nbsp;*Verbindliche Bestellung GEW\u00dcNSCHTES LIEFERDATUM \/ REQUESTED DELIVERY DATE&nbsp;* Zahlungsart ausw\u00e4hlen Da dein Browser kein JavaScript unterst\u00fctzt oder dieses deaktiviert ist, klicke bitte auf jeden Fall auf den Button [&hellip;]\" \/>\n<meta property=\"og:url\" content=\"https:\/\/www.arctis.de\/en\/cash-register\/\" \/>\n<meta property=\"og:site_name\" content=\"ARCTIS\" \/>\n<meta property=\"article:modified_time\" content=\"2024-09-17T09:20:54+00:00\" \/>\n<meta property=\"og:image\" content=\"https:\/\/www.arctis.de\/wp-content\/uploads\/2023\/07\/012-Baguette-Familie-1-300x300.jpg\" \/>\n<meta name=\"twitter:card\" content=\"summary_large_image\" \/>\n<meta name=\"twitter:label1\" content=\"Est. reading time\" \/>\n\t<meta name=\"twitter:data1\" content=\"5 minutes\" \/>\n<script type=\"application\/ld+json\" class=\"yoast-schema-graph\">{\"@context\":\"https:\/\/schema.org\",\"@graph\":[{\"@type\":\"WebPage\",\"@id\":\"https:\/\/www.arctis.de\/en\/cash-register\/\",\"url\":\"https:\/\/www.arctis.de\/en\/cash-register\/\",\"name\":\"Cash register - ARCTIS\",\"isPartOf\":{\"@id\":\"https:\/\/www.arctis.de\/en\/#website\"},\"primaryImageOfPage\":{\"@id\":\"https:\/\/www.arctis.de\/en\/cash-register\/#primaryimage\"},\"image\":{\"@id\":\"https:\/\/www.arctis.de\/en\/cash-register\/#primaryimage\"},\"thumbnailUrl\":\"https:\/\/www.arctis.de\/wp-content\/uploads\/2023\/07\/012-Baguette-Familie-1-300x300.jpg\",\"datePublished\":\"2024-07-31T06:41:14+00:00\",\"dateModified\":\"2024-09-17T09:20:54+00:00\",\"breadcrumb\":{\"@id\":\"https:\/\/www.arctis.de\/en\/cash-register\/#breadcrumb\"},\"inLanguage\":\"en-US\",\"potentialAction\":[{\"@type\":\"ReadAction\",\"target\":[\"https:\/\/www.arctis.de\/en\/cash-register\/\"]}]},{\"@type\":\"ImageObject\",\"inLanguage\":\"en-US\",\"@id\":\"https:\/\/www.arctis.de\/en\/cash-register\/#primaryimage\",\"url\":\"https:\/\/www.arctis.de\/wp-content\/uploads\/2023\/07\/012-Baguette-Familie-1-300x300.jpg\",\"contentUrl\":\"https:\/\/www.arctis.de\/wp-content\/uploads\/2023\/07\/012-Baguette-Familie-1-300x300.jpg\"},{\"@type\":\"BreadcrumbList\",\"@id\":\"https:\/\/www.arctis.de\/en\/cash-register\/#breadcrumb\",\"itemListElement\":[{\"@type\":\"ListItem\",\"position\":1,\"name\":\"Startseite\",\"item\":\"https:\/\/www.arctis.de\/en\/\"},{\"@type\":\"ListItem\",\"position\":2,\"name\":\"Cash register\"}]},{\"@type\":\"WebSite\",\"@id\":\"https:\/\/www.arctis.de\/en\/#website\",\"url\":\"https:\/\/www.arctis.de\/en\/\",\"name\":\"ARCTIS\",\"description\":\"\",\"publisher\":{\"@id\":\"https:\/\/www.arctis.de\/en\/#organization\"},\"potentialAction\":[{\"@type\":\"SearchAction\",\"target\":{\"@type\":\"EntryPoint\",\"urlTemplate\":\"https:\/\/www.arctis.de\/en\/?s={search_term_string}\"},\"query-input\":{\"@type\":\"PropertyValueSpecification\",\"valueRequired\":true,\"valueName\":\"search_term_string\"}}],\"inLanguage\":\"en-US\"},{\"@type\":\"Organization\",\"@id\":\"https:\/\/www.arctis.de\/en\/#organization\",\"name\":\"ARCTIS\",\"url\":\"https:\/\/www.arctis.de\/en\/\",\"logo\":{\"@type\":\"ImageObject\",\"inLanguage\":\"en-US\",\"@id\":\"https:\/\/www.arctis.de\/en\/#\/schema\/logo\/image\/\",\"url\":\"https:\/\/www.arctis.de\/wp-content\/uploads\/2023\/03\/Arctis-Logo_klein.svg\",\"contentUrl\":\"https:\/\/www.arctis.de\/wp-content\/uploads\/2023\/03\/Arctis-Logo_klein.svg\",\"width\":171,\"height\":91,\"caption\":\"ARCTIS\"},\"image\":{\"@id\":\"https:\/\/www.arctis.de\/en\/#\/schema\/logo\/image\/\"}}]}<\/script>\n<!-- \/ Yoast SEO plugin. -->","yoast_head_json":{"title":"Cash register - ARCTIS","robots":{"index":"noindex","follow":"follow"},"og_locale":"en_US","og_type":"article","og_title":"Cash register - ARCTIS","og_description":"You can change your details here. Order bindingly Your details DESCRIPTION&nbsp;(optional) NAME 1&nbsp;* NAME 2&nbsp;(optional) LAND&nbsp;(optional)Land\/Region ausw\u00e4hlen\u00a0\u2026BelgienBulgarienDeutschlandD\u00e4nemarkEstlandFinnlandFrankreichGriechenlandIrlandItalienKroatienLettlandLitauenLuxemburgMaltaNiederlandePolenPortugalRum\u00e4nienSchwedenSlowakeiSlowenienSpanienTschechienUngarnZypern\u00d6sterreichAktualisiere Land \/ Region STRASSE&nbsp;* PORT&nbsp;* TELEPHONE&nbsp;(optional) EMAIL&nbsp;* Additional information ORDER TYPE&nbsp;*Verbindliche Bestellung GEW\u00dcNSCHTES LIEFERDATUM \/ REQUESTED DELIVERY DATE&nbsp;* Zahlungsart ausw\u00e4hlen Da dein Browser kein JavaScript unterst\u00fctzt oder dieses deaktiviert ist, klicke bitte auf jeden Fall auf den Button [&hellip;]","og_url":"https:\/\/www.arctis.de\/en\/cash-register\/","og_site_name":"ARCTIS","article_modified_time":"2024-09-17T09:20:54+00:00","og_image":[{"url":"https:\/\/www.arctis.de\/wp-content\/uploads\/2023\/07\/012-Baguette-Familie-1-300x300.jpg"}],"twitter_card":"summary_large_image","twitter_misc":{"Est. reading time":"5 minutes"},"schema":{"@context":"https:\/\/schema.org","@graph":[{"@type":"WebPage","@id":"https:\/\/www.arctis.de\/en\/cash-register\/","url":"https:\/\/www.arctis.de\/en\/cash-register\/","name":"Cash register - ARCTIS","isPartOf":{"@id":"https:\/\/www.arctis.de\/en\/#website"},"primaryImageOfPage":{"@id":"https:\/\/www.arctis.de\/en\/cash-register\/#primaryimage"},"image":{"@id":"https:\/\/www.arctis.de\/en\/cash-register\/#primaryimage"},"thumbnailUrl":"https:\/\/www.arctis.de\/wp-content\/uploads\/2023\/07\/012-Baguette-Familie-1-300x300.jpg","datePublished":"2024-07-31T06:41:14+00:00","dateModified":"2024-09-17T09:20:54+00:00","breadcrumb":{"@id":"https:\/\/www.arctis.de\/en\/cash-register\/#breadcrumb"},"inLanguage":"en-US","potentialAction":[{"@type":"ReadAction","target":["https:\/\/www.arctis.de\/en\/cash-register\/"]}]},{"@type":"ImageObject","inLanguage":"en-US","@id":"https:\/\/www.arctis.de\/en\/cash-register\/#primaryimage","url":"https:\/\/www.arctis.de\/wp-content\/uploads\/2023\/07\/012-Baguette-Familie-1-300x300.jpg","contentUrl":"https:\/\/www.arctis.de\/wp-content\/uploads\/2023\/07\/012-Baguette-Familie-1-300x300.jpg"},{"@type":"BreadcrumbList","@id":"https:\/\/www.arctis.de\/en\/cash-register\/#breadcrumb","itemListElement":[{"@type":"ListItem","position":1,"name":"Startseite","item":"https:\/\/www.arctis.de\/en\/"},{"@type":"ListItem","position":2,"name":"Cash register"}]},{"@type":"WebSite","@id":"https:\/\/www.arctis.de\/en\/#website","url":"https:\/\/www.arctis.de\/en\/","name":"ARCTIS","description":"","publisher":{"@id":"https:\/\/www.arctis.de\/en\/#organization"},"potentialAction":[{"@type":"SearchAction","target":{"@type":"EntryPoint","urlTemplate":"https:\/\/www.arctis.de\/en\/?s={search_term_string}"},"query-input":{"@type":"PropertyValueSpecification","valueRequired":true,"valueName":"search_term_string"}}],"inLanguage":"en-US"},{"@type":"Organization","@id":"https:\/\/www.arctis.de\/en\/#organization","name":"ARCTIS","url":"https:\/\/www.arctis.de\/en\/","logo":{"@type":"ImageObject","inLanguage":"en-US","@id":"https:\/\/www.arctis.de\/en\/#\/schema\/logo\/image\/","url":"https:\/\/www.arctis.de\/wp-content\/uploads\/2023\/03\/Arctis-Logo_klein.svg","contentUrl":"https:\/\/www.arctis.de\/wp-content\/uploads\/2023\/03\/Arctis-Logo_klein.svg","width":171,"height":91,"caption":"ARCTIS"},"image":{"@id":"https:\/\/www.arctis.de\/en\/#\/schema\/logo\/image\/"}}]}},"publishpress_future_action":{"enabled":false,"date":"2026-05-09 06:10:10","action":"change-status","newStatus":"draft","terms":[],"taxonomy":"translation_priority"},"publishpress_future_workflow_manual_trigger":{"enabledWorkflows":[]},"_links":{"self":[{"href":"https:\/\/www.arctis.de\/en\/wp-json\/wp\/v2\/pages\/105179"}],"collection":[{"href":"https:\/\/www.arctis.de\/en\/wp-json\/wp\/v2\/pages"}],"about":[{"href":"https:\/\/www.arctis.de\/en\/wp-json\/wp\/v2\/types\/page"}],"author":[{"embeddable":true,"href":"https:\/\/www.arctis.de\/en\/wp-json\/wp\/v2\/users\/1"}],"replies":[{"embeddable":true,"href":"https:\/\/www.arctis.de\/en\/wp-json\/wp\/v2\/comments?post=105179"}],"version-history":[{"count":4,"href":"https:\/\/www.arctis.de\/en\/wp-json\/wp\/v2\/pages\/105179\/revisions"}],"predecessor-version":[{"id":105332,"href":"https:\/\/www.arctis.de\/en\/wp-json\/wp\/v2\/pages\/105179\/revisions\/105332"}],"wp:attachment":[{"href":"https:\/\/www.arctis.de\/en\/wp-json\/wp\/v2\/media?parent=105179"}],"curies":[{"name":"wp","href":"https:\/\/api.w.org\/{rel}","templated":true}]}}